{"id":1664,"date":"2020-01-06T19:36:18","date_gmt":"2020-01-06T19:36:18","guid":{"rendered":"https:\/\/scovronnaz.ch\/wp\/?page_id=1664"},"modified":"2026-03-29T11:23:45","modified_gmt":"2026-03-29T11:23:45","slug":"resultats-derby","status":"publish","type":"page","link":"https:\/\/scovronnaz.ch\/wp\/activites\/derby\/resultats-derby\/","title":{"rendered":"R\u00e9sultats Derby"},"content":{"rendered":"\n<p><\/p>\n\n\n\n<ul><li><a href=\"https:\/\/scovronnaz.ch\/wp\/wp-content\/uploads\/2026\/03\/resultats_derby_2026.pdf\">R\u00e9sultats 2026<\/a><\/li><li><a href=\"https:\/\/scovronnaz.ch\/wp\/wp-content\/uploads\/2025\/03\/resultats_derby_2025.pdf\">R\u00e9sultats 2025<\/a><\/li><li><a href=\"https:\/\/scovronnaz.ch\/wp\/wp-content\/uploads\/2024\/03\/resultats_derby_2024.pdf\">R\u00e9sultats 2024<\/a><\/li><li><a href=\"https:\/\/scovronnaz.ch\/wp\/wp-content\/uploads\/2023\/03\/derby_2023.pdf\">R\u00e9sultats 2023<\/a><\/li><li><a href=\"https:\/\/scovronnaz.ch\/wp\/wp-content\/uploads\/2022\/03\/resultats.pdf\">R\u00e9sultats 2022<\/a><\/li><li><a href=\"https:\/\/scovronnaz.ch\/wp\/wp-content\/uploads\/2020\/01\/R\u00e9sultats-Derby-2019.pdf\">R\u00e9sultats 2019<\/a><\/li><li>R\u00e9sultats 2018 (Annul\u00e9)<\/li><li><a href=\"https:\/\/scovronnaz.ch\/wp\/wp-content\/uploads\/2020\/01\/R\u00e9sultats-Derby-2017.pdf\">R\u00e9sultats 2017<\/a><\/li><li><a href=\"https:\/\/scovronnaz.ch\/wp\/wp-content\/uploads\/2020\/01\/R\u00e9sultats-Derby-2016.pdf\">R\u00e9sultats 2016<\/a><\/li><\/ul>\n\n\n\n<p><\/p>\n","protected":false},"excerpt":{"rendered":"<p>R\u00e9sultats 2026 R\u00e9sultats 2025 R\u00e9sultats 2024 R\u00e9sultats 2023 R\u00e9sultats 2022 R\u00e9sultats 2019 R\u00e9sultats 2018 (Annul\u00e9) R\u00e9sultats 2017 R\u00e9sultats 2016<\/p>\n","protected":false},"author":1,"featured_media":0,"parent":31,"menu_order":0,"comment_status":"closed","ping_status":"closed","template":"","meta":{"ngg_post_thumbnail":0},"_links":{"self":[{"href":"https:\/\/scovronnaz.ch\/wp\/wp-json\/wp\/v2\/pages\/1664"}],"collection":[{"href":"https:\/\/scovronnaz.ch\/wp\/wp-json\/wp\/v2\/pages"}],"about":[{"href":"https:\/\/scovronnaz.ch\/wp\/wp-json\/wp\/v2\/types\/page"}],"author":[{"embeddable":true,"href":"https:\/\/scovronnaz.ch\/wp\/wp-json\/wp\/v2\/users\/1"}],"replies":[{"embeddable":true,"href":"https:\/\/scovronnaz.ch\/wp\/wp-json\/wp\/v2\/comments?post=1664"}],"version-history":[{"count":6,"href":"https:\/\/scovronnaz.ch\/wp\/wp-json\/wp\/v2\/pages\/1664\/revisions"}],"predecessor-version":[{"id":1970,"href":"https:\/\/scovronnaz.ch\/wp\/wp-json\/wp\/v2\/pages\/1664\/revisions\/1970"}],"up":[{"embeddable":true,"href":"https:\/\/scovronnaz.ch\/wp\/wp-json\/wp\/v2\/pages\/31"}],"wp:attachment":[{"href":"https:\/\/scovronnaz.ch\/wp\/wp-json\/wp\/v2\/media?parent=1664"}],"curies":[{"name":"wp","href":"https:\/\/api.w.org\/{rel}","templated":true}]}}